{"id":1356,"date":"2022-11-06T09:24:16","date_gmt":"2022-11-06T09:24:16","guid":{"rendered":"https:\/\/fundacionipes.org\/derechoshumanos2025clon2024\/aviso-legal\/"},"modified":"2022-11-06T09:24:16","modified_gmt":"2022-11-06T09:24:16","slug":"aviso-legal","status":"publish","type":"page","link":"https:\/\/fundacionipes.org\/derechoshumanos\/aviso-legal\/","title":{"rendered":"Aviso Legal"},"content":{"rendered":"<p><strong>C\/ Aoiz, 9-1\u00ba piso 31004 Pamplona (Navarra)<\/strong>, responsable del sitio web, en adelante RESPONSABLE, pone a disposici\u00f3n de los usuarios el presente documento, con el que pretende dar cumplimiento a las obligaciones dispuestas en la Ley 34\/2002, de 11 de julio, de Servicios de la Sociedad de la Informaci\u00f3n y de Comercio Electr\u00f3nico (LSSICE), BOE N \u00ba 166, as\u00ed como informar a todos los usuarios del sitio web respecto a cu\u00e1les son las condiciones de uso.<\/p>\n<p>Toda persona que acceda a este sitio web asume el papel de usuario, comprometi\u00e9ndose a la observancia y cumplimiento riguroso de las disposiciones aqu\u00ed dispuestas, as\u00ed como a cualquier otra disposici\u00f3n legal que fuera de aplicaci\u00f3n.<\/p>\n<p><strong>C\/ Aoiz, 9-1\u00ba piso 31004 Pamplona (Navarra)<\/strong>&nbsp;se reserva el derecho de modificar cualquier tipo de informaci\u00f3n que pudiera aparecer en el sitio web, sin que exista obligaci\u00f3n de preavisar o poner en conocimiento de los usuarios dichas obligaciones, entendi\u00e9ndose como suficiente con la publicaci\u00f3n en el sitio web de&nbsp; <strong>C\/ Aoiz, 9-1\u00ba piso 31004 Pamplona (Navarra)<\/strong><\/p>\n<ol>\n<li><strong>DATOS IDENTIFICATIVOS<\/strong><\/li>\n<\/ol>\n<p>\n<strong>Nombre de dominio:<\/strong> fundacionipes.org\/derechoshumanos2025clon2024<br \/>\n<strong>Nombre comercial:<\/strong> Fundaci\u00f3n IPES<br \/>\n<strong>Denominaci\u00f3n social:<\/strong> C\/ Aoiz, 9-1\u00ba piso 31004 Pamplona (Navarra)<br \/>\n<strong>NIF:<\/strong> G 31818487<br \/>\n<strong>Domicilio social:<\/strong> 948225991<br \/>\n<strong>Tel\u00e9fono:<\/strong> #<br \/>\n<strong>Email:<\/strong> fundacion@fundacionipes.org\n<\/p>\n<ol start=\"2\">\n<li><strong>DERECHOS DE PROPIEDAD INTELECTUAL E INDUSTRIAL<\/strong><\/li>\n<\/ol>\n<p>El sitio web, incluyendo a t\u00edtulo enunciativo pero no limitativo su programaci\u00f3n, edici\u00f3n, compilaci\u00f3n y dem\u00e1s elementos necesarios para su funcionamiento, los dise\u00f1os, logotipos, texto y\/o gr\u00e1ficos, son propiedad del RESPONSABLE o, si es el caso, dispone de licencia o autorizaci\u00f3n expresa por parte de los autores.<\/p>\n<p>Todos los contenidos del sitio web se encuentran debidamente protegidos por la normativa de propiedad intelectual e industrial, as\u00ed como inscritos en los registros p\u00fablicos correspondientes.<\/p>\n<p>Independientemente de la finalidad para la que fueran destinados, la reproducci\u00f3n total o parcial, uso, explotaci\u00f3n, distribuci\u00f3n y comercializaci\u00f3n, requiere en todo caso de la autorizaci\u00f3n escrita previa por parte del RESPONSABLE. Cualquier uso no autorizado previamente se considera un incumplimiento grave de los derechos de propiedad intelectual o industrial del autor.<\/p>\n<p>Los dise\u00f1os, logotipos, texto y\/o gr\u00e1ficos ajenos al RESPONSABLE y que pudieran aparecer en el sitio web, pertenecen a sus respectivos propietarios, siendo ellos mismos responsables de cualquier posible controversia que pudiera suscitarse respecto a los mismos.<\/p>\n<p>El RESPONSABLE reconoce a favor de sus titulares los correspondientes derechos de propiedad intelectual e industrial, no implicando su sola menci\u00f3n o aparici\u00f3n en el sitio web la existencia de derechos o responsabilidad alguna sobre los mismos, como tampoco respaldo, patrocinio o recomendaci\u00f3n por parte del mismo.<\/p>\n<p>Para realizar cualquier tipo de observaci\u00f3n respecto a posibles incumplimientos de los derechos de propiedad intelectual o industrial, as\u00ed como sobre cualquiera de los contenidos del sitio web, puede hacerlo a trav\u00e9s del correo electr\u00f3nico&nbsp;<a href=\"mailto:fundacion@fundacionipes.org\">fundacion@fundacionipes.org<\/a><\/p>\n<ol start=\"3\">\n<li><strong>EXENCI\u00d3N DE RESPONSABILIDADES<\/strong><\/li>\n<\/ol>\n<p>El RESPONSABLE se exime de cualquier tipo de responsabilidad derivada de la informaci\u00f3n publicada en su sitio web siempre que esta informaci\u00f3n haya sido manipulada o introducida por un tercero ajeno al mismo.<\/p>\n<ol start=\"4\">\n<li><strong>CONTENIDO DE LA WEB Y ENLACES (LINKS)<\/strong><\/li>\n<\/ol>\n<p><strong>C\/ Aoiz, 9-1\u00ba piso 31004 Pamplona (Navarra)<\/strong> se reserva el derecho a actualizar, modificar o eliminar la informaci\u00f3n contenida en sus p\u00e1ginas web pudiendo incluso limitar o no permitir el acceso a dicha informaci\u00f3n a ciertos usuarios.<\/p>\n<p><strong>C\/ Aoiz, 9-1\u00ba piso 31004 Pamplona (Navarra)<\/strong> no asume responsabilidad alguna por la informaci\u00f3n contenida en p\u00e1ginas web de terceros a las que se pueda acceder por \u201clinks\u201d o enlaces desde cualquier p\u00e1gina web propiedad de <strong>C\/ Aoiz, 9-1\u00ba piso 31004 Pamplona (Navarra)<\/strong>.<\/p>\n<p>La presencia de \u201clinks\u201d o enlaces en las p\u00e1ginas web de <strong>C\/ Aoiz, 9-1\u00ba piso 31004 Pamplona (Navarra)<\/strong> tiene finalidad meramente informativa y en ning\u00fan caso supone sugerencia, invitaci\u00f3n o recomendaci\u00f3n sobre los mismos.<\/p>\n<p><strong>3COM Marketing<\/strong> &#8211; Asesor de Cookies es un plugin para WordPress creado por <a href=\"http:\/\/www.3commarketing.com\/\" target=\"_blank\" rel=\"noopener\">3COM Marketing<\/a><\/p>\n","protected":false},"excerpt":{"rendered":"<p>C\/ Aoiz, 9-1\u00ba piso 31004 Pamplona (Navarra), responsable del sitio web, en adelante RESPONSABLE, pone a disposici\u00f3n de los usuarios el presente documento, con el que pretende dar cumplimiento a las obligaciones dispuestas en la Ley 34\/2002, de 11 de julio, de Servicios de la Sociedad de la Informaci\u00f3n y de Comercio Electr\u00f3nico (LSSICE), BOE [&hellip;]<\/p>\n","protected":false},"author":1,"featured_media":0,"parent":0,"menu_order":0,"comment_status":"closed","ping_status":"closed","template":"","meta":{"_et_pb_use_builder":"","_et_pb_old_content":"","_et_gb_content_width":""},"acf":[],"yoast_head":"<!-- This site is optimized with the Yoast SEO plugin v21.8.1 - https:\/\/yoast.com\/wordpress\/plugins\/seo\/ -->\n<title>Aviso Legal - Muestra de Cine, El Mundo y los Derechos Humanos<\/title>\n<meta name=\"robots\" content=\"index, follow, max-snippet:-1, max-image-preview:large, max-video-preview:-1\" \/>\n<link rel=\"canonical\" href=\"https:\/\/fundacionipes.org\/derechoshumanos\/aviso-legal\/\" \/>\n<meta property=\"og:locale\" content=\"es_ES\" \/>\n<meta property=\"og:type\" content=\"article\" \/>\n<meta property=\"og:title\" content=\"Aviso Legal - Muestra de Cine, El Mundo y los Derechos Humanos\" \/>\n<meta property=\"og:description\" content=\"C\/ Aoiz, 9-1\u00ba piso 31004 Pamplona (Navarra), responsable del sitio web, en adelante RESPONSABLE, pone a disposici\u00f3n de los usuarios el presente documento, con el que pretende dar cumplimiento a las obligaciones dispuestas en la Ley 34\/2002, de 11 de julio, de Servicios de la Sociedad de la Informaci\u00f3n y de Comercio Electr\u00f3nico (LSSICE), BOE [&hellip;]\" \/>\n<meta property=\"og:url\" content=\"https:\/\/fundacionipes.org\/derechoshumanos\/aviso-legal\/\" \/>\n<meta property=\"og:site_name\" content=\"Muestra de Cine, El Mundo y los Derechos Humanos\" \/>\n<meta name=\"twitter:card\" content=\"summary_large_image\" \/>\n<meta name=\"twitter:label1\" content=\"Tiempo de lectura\" \/>\n\t<meta name=\"twitter:data1\" content=\"3 minutos\" \/>\n<script type=\"application\/ld+json\" class=\"yoast-schema-graph\">{\"@context\":\"https:\/\/schema.org\",\"@graph\":[{\"@type\":\"WebPage\",\"@id\":\"https:\/\/fundacionipes.org\/derechoshumanos\/aviso-legal\/\",\"url\":\"https:\/\/fundacionipes.org\/derechoshumanos\/aviso-legal\/\",\"name\":\"Aviso Legal - Muestra de Cine, El Mundo y los Derechos Humanos\",\"isPartOf\":{\"@id\":\"https:\/\/fundacionipes.org\/derechoshumanos\/#website\"},\"datePublished\":\"2022-11-06T09:24:16+00:00\",\"dateModified\":\"2022-11-06T09:24:16+00:00\",\"breadcrumb\":{\"@id\":\"https:\/\/fundacionipes.org\/derechoshumanos\/aviso-legal\/#breadcrumb\"},\"inLanguage\":\"es\",\"potentialAction\":[{\"@type\":\"ReadAction\",\"target\":[\"https:\/\/fundacionipes.org\/derechoshumanos\/aviso-legal\/\"]}]},{\"@type\":\"BreadcrumbList\",\"@id\":\"https:\/\/fundacionipes.org\/derechoshumanos\/aviso-legal\/#breadcrumb\",\"itemListElement\":[{\"@type\":\"ListItem\",\"position\":1,\"name\":\"Portada\",\"item\":\"https:\/\/fundacionipes.org\/derechoshumanos\/\"},{\"@type\":\"ListItem\",\"position\":2,\"name\":\"Aviso Legal\"}]},{\"@type\":\"WebSite\",\"@id\":\"https:\/\/fundacionipes.org\/derechoshumanos\/#website\",\"url\":\"https:\/\/fundacionipes.org\/derechoshumanos\/\",\"name\":\"Muestra de Cine, El Mundo y los Derechos Humanos\",\"description\":\"Sitio de la Muestra de Cine y Derechos Humanos de Fundaci\u00f3n IPES\",\"potentialAction\":[{\"@type\":\"SearchAction\",\"target\":{\"@type\":\"EntryPoint\",\"urlTemplate\":\"https:\/\/fundacionipes.org\/derechoshumanos\/?s={search_term_string}\"},\"query-input\":\"required name=search_term_string\"}],\"inLanguage\":\"es\"}]}<\/script>\n<!-- \/ Yoast SEO plugin. -->","yoast_head_json":{"title":"Aviso Legal - Muestra de Cine, El Mundo y los Derechos Humanos","robots":{"index":"index","follow":"follow","max-snippet":"max-snippet:-1","max-image-preview":"max-image-preview:large","max-video-preview":"max-video-preview:-1"},"canonical":"https:\/\/fundacionipes.org\/derechoshumanos\/aviso-legal\/","og_locale":"es_ES","og_type":"article","og_title":"Aviso Legal - Muestra de Cine, El Mundo y los Derechos Humanos","og_description":"C\/ Aoiz, 9-1\u00ba piso 31004 Pamplona (Navarra), responsable del sitio web, en adelante RESPONSABLE, pone a disposici\u00f3n de los usuarios el presente documento, con el que pretende dar cumplimiento a las obligaciones dispuestas en la Ley 34\/2002, de 11 de julio, de Servicios de la Sociedad de la Informaci\u00f3n y de Comercio Electr\u00f3nico (LSSICE), BOE [&hellip;]","og_url":"https:\/\/fundacionipes.org\/derechoshumanos\/aviso-legal\/","og_site_name":"Muestra de Cine, El Mundo y los Derechos Humanos","twitter_card":"summary_large_image","twitter_misc":{"Tiempo de lectura":"3 minutos"},"schema":{"@context":"https:\/\/schema.org","@graph":[{"@type":"WebPage","@id":"https:\/\/fundacionipes.org\/derechoshumanos\/aviso-legal\/","url":"https:\/\/fundacionipes.org\/derechoshumanos\/aviso-legal\/","name":"Aviso Legal - Muestra de Cine, El Mundo y los Derechos Humanos","isPartOf":{"@id":"https:\/\/fundacionipes.org\/derechoshumanos\/#website"},"datePublished":"2022-11-06T09:24:16+00:00","dateModified":"2022-11-06T09:24:16+00:00","breadcrumb":{"@id":"https:\/\/fundacionipes.org\/derechoshumanos\/aviso-legal\/#breadcrumb"},"inLanguage":"es","potentialAction":[{"@type":"ReadAction","target":["https:\/\/fundacionipes.org\/derechoshumanos\/aviso-legal\/"]}]},{"@type":"BreadcrumbList","@id":"https:\/\/fundacionipes.org\/derechoshumanos\/aviso-legal\/#breadcrumb","itemListElement":[{"@type":"ListItem","position":1,"name":"Portada","item":"https:\/\/fundacionipes.org\/derechoshumanos\/"},{"@type":"ListItem","position":2,"name":"Aviso Legal"}]},{"@type":"WebSite","@id":"https:\/\/fundacionipes.org\/derechoshumanos\/#website","url":"https:\/\/fundacionipes.org\/derechoshumanos\/","name":"Muestra de Cine, El Mundo y los Derechos Humanos","description":"Sitio de la Muestra de Cine y Derechos Humanos de Fundaci\u00f3n IPES","potentialAction":[{"@type":"SearchAction","target":{"@type":"EntryPoint","urlTemplate":"https:\/\/fundacionipes.org\/derechoshumanos\/?s={search_term_string}"},"query-input":"required name=search_term_string"}],"inLanguage":"es"}]}},"_links":{"self":[{"href":"https:\/\/fundacionipes.org\/derechoshumanos\/wp-json\/wp\/v2\/pages\/1356"}],"collection":[{"href":"https:\/\/fundacionipes.org\/derechoshumanos\/wp-json\/wp\/v2\/pages"}],"about":[{"href":"https:\/\/fundacionipes.org\/derechoshumanos\/wp-json\/wp\/v2\/types\/page"}],"author":[{"embeddable":true,"href":"https:\/\/fundacionipes.org\/derechoshumanos\/wp-json\/wp\/v2\/users\/1"}],"replies":[{"embeddable":true,"href":"https:\/\/fundacionipes.org\/derechoshumanos\/wp-json\/wp\/v2\/comments?post=1356"}],"version-history":[{"count":0,"href":"https:\/\/fundacionipes.org\/derechoshumanos\/wp-json\/wp\/v2\/pages\/1356\/revisions"}],"wp:attachment":[{"href":"https:\/\/fundacionipes.org\/derechoshumanos\/wp-json\/wp\/v2\/media?parent=1356"}],"curies":[{"name":"wp","href":"https:\/\/api.w.org\/{rel}","templated":true}]}}